{"id":31913,"date":"2018-04-12T10:16:22","date_gmt":"2018-04-12T10:16:22","guid":{"rendered":"https:\/\/cezannehr.com\/?page_id=31913"},"modified":"2024-03-20T09:43:04","modified_gmt":"2024-03-20T09:43:04","slug":"onboarding-y-vida-laboral","status":"publish","type":"page","link":"https:\/\/cezannehr.com\/es\/soluciones\/onboarding-y-vida-laboral\/","title":{"rendered":"Onboarding y Vida Laboral"},"content":{"rendered":"","protected":false},"excerpt":{"rendered":"","protected":false},"author":22,"featured_media":69316,"parent":2101,"menu_order":120,"comment_status":"closed","ping_status":"closed","template":"templates\/tour.php","meta":{"_acf_changed":false,"footnotes":""},"page-status":[],"class_list":["post-31913","page","type-page","status-publish","has-post-thumbnail","cz_entry"],"acf":[],"yoast_head":"<!-- This site is optimized with the Yoast SEO Premium plugin v26.3 (Yoast SEO v26.3) - https:\/\/yoast.com\/wordpress\/plugins\/seo\/ -->\n<title>Software de Onboarding y Gesti\u00f3n de Tareas | Cezanne HR<\/title>\n<meta name=\"description\" content=\"Optimiza la incorporaci\u00f3n del personal y simplifica la gesti\u00f3n de tareas con el Software de Onboarding y Gesti\u00f3n de Tareas de Cezanne HR.\" \/>\n<meta name=\"robots\" content=\"index, follow, max-snippet:-1, max-image-preview:large, max-video-preview:-1\" \/>\n<link rel=\"canonical\" href=\"https:\/\/cezannehr.com\/es\/soluciones\/onboarding-y-vida-laboral\/\" \/>\n<meta property=\"og:locale\" content=\"es_ES\" \/>\n<meta property=\"og:type\" content=\"article\" \/>\n<meta property=\"og:title\" content=\"Onboarding y Vida Laboral\" \/>\n<meta property=\"og:description\" content=\"Optimiza la incorporaci\u00f3n del personal y simplifica la gesti\u00f3n de tareas con el Software de Onboarding y Gesti\u00f3n de Tareas de Cezanne HR.\" \/>\n<meta property=\"og:url\" content=\"https:\/\/cezannehr.com\/es\/soluciones\/onboarding-y-vida-laboral\/\" \/>\n<meta property=\"og:site_name\" content=\"Cezanne HR\" \/>\n<meta property=\"article:publisher\" content=\"https:\/\/www.facebook.com\/CezanneHR\" \/>\n<meta property=\"article:modified_time\" content=\"2024-03-20T09:43:04+00:00\" \/>\n<meta name=\"twitter:card\" content=\"summary_large_image\" \/>\n<meta name=\"twitter:site\" content=\"@CezanneHR\" \/>\n<meta name=\"twitter:label1\" content=\"Tiempo de lectura\" \/>\n\t<meta name=\"twitter:data1\" content=\"4 minutos\" \/>\n<script type=\"application\/ld+json\" class=\"yoast-schema-graph\">{\"@context\":\"https:\/\/schema.org\",\"@graph\":[{\"@type\":\"WebPage\",\"@id\":\"https:\/\/cezannehr.com\/es\/soluciones\/onboarding-y-vida-laboral\/\",\"url\":\"https:\/\/cezannehr.com\/es\/soluciones\/onboarding-y-vida-laboral\/\",\"name\":\"Software de Onboarding y Gesti\u00f3n de Tareas | Cezanne HR\",\"isPartOf\":{\"@id\":\"https:\/\/cezannehr.com\/es\/#website\"},\"primaryImageOfPage\":{\"@id\":\"https:\/\/cezannehr.com\/es\/soluciones\/onboarding-y-vida-laboral\/#primaryimage\"},\"image\":{\"@id\":\"https:\/\/cezannehr.com\/es\/soluciones\/onboarding-y-vida-laboral\/#primaryimage\"},\"thumbnailUrl\":\"https:\/\/i0.wp.com\/cezannehr.com\/wp-content\/uploads\/2022\/07\/Onboarding-Lifecycle-management-banner%401.5x-1.png?fit=972%2C598&ssl=1\",\"datePublished\":\"2018-04-12T10:16:22+00:00\",\"dateModified\":\"2024-03-20T09:43:04+00:00\",\"description\":\"Optimiza la incorporaci\u00f3n del personal y simplifica la gesti\u00f3n de tareas con el Software de Onboarding y Gesti\u00f3n de Tareas de Cezanne HR.\",\"breadcrumb\":{\"@id\":\"https:\/\/cezannehr.com\/es\/soluciones\/onboarding-y-vida-laboral\/#breadcrumb\"},\"inLanguage\":\"es\",\"potentialAction\":[{\"@type\":\"ReadAction\",\"target\":[\"https:\/\/cezannehr.com\/es\/soluciones\/onboarding-y-vida-laboral\/\"]}]},{\"@type\":\"ImageObject\",\"inLanguage\":\"es\",\"@id\":\"https:\/\/cezannehr.com\/es\/soluciones\/onboarding-y-vida-laboral\/#primaryimage\",\"url\":\"https:\/\/i0.wp.com\/cezannehr.com\/wp-content\/uploads\/2022\/07\/Onboarding-Lifecycle-management-banner%401.5x-1.png?fit=972%2C598&ssl=1\",\"contentUrl\":\"https:\/\/i0.wp.com\/cezannehr.com\/wp-content\/uploads\/2022\/07\/Onboarding-Lifecycle-management-banner%401.5x-1.png?fit=972%2C598&ssl=1\",\"width\":972,\"height\":598,\"caption\":\"Cezanne Onboarding Software and Lifecycle management is the number one choice for HR teams.\"},{\"@type\":\"BreadcrumbList\",\"@id\":\"https:\/\/cezannehr.com\/es\/soluciones\/onboarding-y-vida-laboral\/#breadcrumb\",\"itemListElement\":[{\"@type\":\"ListItem\",\"position\":1,\"name\":\"Software HR\",\"item\":\"https:\/\/cezannehr.com\/es\/\"},{\"@type\":\"ListItem\",\"position\":2,\"name\":\"Producto Tour\",\"item\":\"https:\/\/cezannehr.com\/es\/soluciones\/\"},{\"@type\":\"ListItem\",\"position\":3,\"name\":\"Onboarding y Vida Laboral\"}]},{\"@type\":\"WebSite\",\"@id\":\"https:\/\/cezannehr.com\/es\/#website\",\"url\":\"https:\/\/cezannehr.com\/es\/\",\"name\":\"Cezanne HR\",\"description\":\"Gesti\u00f3n de empleados - Gesti\u00f3n de vacaciones\",\"publisher\":{\"@id\":\"https:\/\/cezannehr.com\/es\/#organization\"},\"potentialAction\":[{\"@type\":\"SearchAction\",\"target\":{\"@type\":\"EntryPoint\",\"urlTemplate\":\"https:\/\/cezannehr.com\/es\/?s={search_term_string}\"},\"query-input\":{\"@type\":\"PropertyValueSpecification\",\"valueRequired\":true,\"valueName\":\"search_term_string\"}}],\"inLanguage\":\"es\"},{\"@type\":\"Organization\",\"@id\":\"https:\/\/cezannehr.com\/es\/#organization\",\"name\":\"Cezanne HR\",\"url\":\"https:\/\/cezannehr.com\/es\/\",\"logo\":{\"@type\":\"ImageObject\",\"inLanguage\":\"es\",\"@id\":\"https:\/\/cezannehr.com\/es\/#\/schema\/logo\/image\/\",\"url\":\"https:\/\/cezannehr.com\/wp-content\/uploads\/2026\/01\/Cezanne_logo_2026_colour.svg\",\"contentUrl\":\"https:\/\/cezannehr.com\/wp-content\/uploads\/2026\/01\/Cezanne_logo_2026_colour.svg\",\"width\":1,\"height\":1,\"caption\":\"Cezanne HR\"},\"image\":{\"@id\":\"https:\/\/cezannehr.com\/es\/#\/schema\/logo\/image\/\"},\"sameAs\":[\"https:\/\/www.facebook.com\/CezanneHR\",\"https:\/\/x.com\/CezanneHR\",\"https:\/\/www.linkedin.com\/company\/cezanne-hr\",\"https:\/\/uk.pinterest.com\/CezanneHR\/\",\"https:\/\/www.youtube.com\/user\/CezanneHR\"],\"legalName\":\"Cezanne HR Limited\",\"contactPoint\":[{\"@type\":\"ContactPoint\",\"telephone\":\"+44-2072022727\",\"contactType\":\"customer service\"},{\"@type\":\"ContactPoint\",\"url\":\"https:\/\/support.cezannehr.com\",\"email\":\"support@cezannehr.com\",\"contactType\":\"customer support\"}]}]}<\/script>\n<!-- \/ Yoast SEO Premium plugin. -->","yoast_head_json":{"title":"Software de Onboarding y Gesti\u00f3n de Tareas | Cezanne HR","description":"Optimiza la incorporaci\u00f3n del personal y simplifica la gesti\u00f3n de tareas con el Software de Onboarding y Gesti\u00f3n de Tareas de Cezanne HR.","robots":{"index":"index","follow":"follow","max-snippet":"max-snippet:-1","max-image-preview":"max-image-preview:large","max-video-preview":"max-video-preview:-1"},"canonical":"https:\/\/cezannehr.com\/es\/soluciones\/onboarding-y-vida-laboral\/","og_locale":"es_ES","og_type":"article","og_title":"Onboarding y Vida Laboral","og_description":"Optimiza la incorporaci\u00f3n del personal y simplifica la gesti\u00f3n de tareas con el Software de Onboarding y Gesti\u00f3n de Tareas de Cezanne HR.","og_url":"https:\/\/cezannehr.com\/es\/soluciones\/onboarding-y-vida-laboral\/","og_site_name":"Cezanne HR","article_publisher":"https:\/\/www.facebook.com\/CezanneHR","article_modified_time":"2024-03-20T09:43:04+00:00","twitter_card":"summary_large_image","twitter_site":"@CezanneHR","twitter_misc":{"Tiempo de lectura":"4 minutos"},"schema":{"@context":"https:\/\/schema.org","@graph":[{"@type":"WebPage","@id":"https:\/\/cezannehr.com\/es\/soluciones\/onboarding-y-vida-laboral\/","url":"https:\/\/cezannehr.com\/es\/soluciones\/onboarding-y-vida-laboral\/","name":"Software de Onboarding y Gesti\u00f3n de Tareas | Cezanne HR","isPartOf":{"@id":"https:\/\/cezannehr.com\/es\/#website"},"primaryImageOfPage":{"@id":"https:\/\/cezannehr.com\/es\/soluciones\/onboarding-y-vida-laboral\/#primaryimage"},"image":{"@id":"https:\/\/cezannehr.com\/es\/soluciones\/onboarding-y-vida-laboral\/#primaryimage"},"thumbnailUrl":"https:\/\/i0.wp.com\/cezannehr.com\/wp-content\/uploads\/2022\/07\/Onboarding-Lifecycle-management-banner%401.5x-1.png?fit=972%2C598&ssl=1","datePublished":"2018-04-12T10:16:22+00:00","dateModified":"2024-03-20T09:43:04+00:00","description":"Optimiza la incorporaci\u00f3n del personal y simplifica la gesti\u00f3n de tareas con el Software de Onboarding y Gesti\u00f3n de Tareas de Cezanne HR.","breadcrumb":{"@id":"https:\/\/cezannehr.com\/es\/soluciones\/onboarding-y-vida-laboral\/#breadcrumb"},"inLanguage":"es","potentialAction":[{"@type":"ReadAction","target":["https:\/\/cezannehr.com\/es\/soluciones\/onboarding-y-vida-laboral\/"]}]},{"@type":"ImageObject","inLanguage":"es","@id":"https:\/\/cezannehr.com\/es\/soluciones\/onboarding-y-vida-laboral\/#primaryimage","url":"https:\/\/i0.wp.com\/cezannehr.com\/wp-content\/uploads\/2022\/07\/Onboarding-Lifecycle-management-banner%401.5x-1.png?fit=972%2C598&ssl=1","contentUrl":"https:\/\/i0.wp.com\/cezannehr.com\/wp-content\/uploads\/2022\/07\/Onboarding-Lifecycle-management-banner%401.5x-1.png?fit=972%2C598&ssl=1","width":972,"height":598,"caption":"Cezanne Onboarding Software and Lifecycle management is the number one choice for HR teams."},{"@type":"BreadcrumbList","@id":"https:\/\/cezannehr.com\/es\/soluciones\/onboarding-y-vida-laboral\/#breadcrumb","itemListElement":[{"@type":"ListItem","position":1,"name":"Software HR","item":"https:\/\/cezannehr.com\/es\/"},{"@type":"ListItem","position":2,"name":"Producto Tour","item":"https:\/\/cezannehr.com\/es\/soluciones\/"},{"@type":"ListItem","position":3,"name":"Onboarding y Vida Laboral"}]},{"@type":"WebSite","@id":"https:\/\/cezannehr.com\/es\/#website","url":"https:\/\/cezannehr.com\/es\/","name":"Cezanne HR","description":"Gesti\u00f3n de empleados - Gesti\u00f3n de vacaciones","publisher":{"@id":"https:\/\/cezannehr.com\/es\/#organization"},"potentialAction":[{"@type":"SearchAction","target":{"@type":"EntryPoint","urlTemplate":"https:\/\/cezannehr.com\/es\/?s={search_term_string}"},"query-input":{"@type":"PropertyValueSpecification","valueRequired":true,"valueName":"search_term_string"}}],"inLanguage":"es"},{"@type":"Organization","@id":"https:\/\/cezannehr.com\/es\/#organization","name":"Cezanne HR","url":"https:\/\/cezannehr.com\/es\/","logo":{"@type":"ImageObject","inLanguage":"es","@id":"https:\/\/cezannehr.com\/es\/#\/schema\/logo\/image\/","url":"https:\/\/cezannehr.com\/wp-content\/uploads\/2026\/01\/Cezanne_logo_2026_colour.svg","contentUrl":"https:\/\/cezannehr.com\/wp-content\/uploads\/2026\/01\/Cezanne_logo_2026_colour.svg","width":1,"height":1,"caption":"Cezanne HR"},"image":{"@id":"https:\/\/cezannehr.com\/es\/#\/schema\/logo\/image\/"},"sameAs":["https:\/\/www.facebook.com\/CezanneHR","https:\/\/x.com\/CezanneHR","https:\/\/www.linkedin.com\/company\/cezanne-hr","https:\/\/uk.pinterest.com\/CezanneHR\/","https:\/\/www.youtube.com\/user\/CezanneHR"],"legalName":"Cezanne HR Limited","contactPoint":[{"@type":"ContactPoint","telephone":"+44-2072022727","contactType":"customer service"},{"@type":"ContactPoint","url":"https:\/\/support.cezannehr.com","email":"support@cezannehr.com","contactType":"customer support"}]}]}},"jetpack_sharing_enabled":true,"_links":{"self":[{"href":"https:\/\/cezannehr.com\/es\/wp-json\/wp\/v2\/pages\/31913","targetHints":{"allow":["GET"]}}],"collection":[{"href":"https:\/\/cezannehr.com\/es\/wp-json\/wp\/v2\/pages"}],"about":[{"href":"https:\/\/cezannehr.com\/es\/wp-json\/wp\/v2\/types\/page"}],"author":[{"embeddable":true,"href":"https:\/\/cezannehr.com\/es\/wp-json\/wp\/v2\/users\/22"}],"replies":[{"embeddable":true,"href":"https:\/\/cezannehr.com\/es\/wp-json\/wp\/v2\/comments?post=31913"}],"version-history":[{"count":0,"href":"https:\/\/cezannehr.com\/es\/wp-json\/wp\/v2\/pages\/31913\/revisions"}],"up":[{"embeddable":true,"href":"https:\/\/cezannehr.com\/es\/wp-json\/wp\/v2\/pages\/2101"}],"wp:featuredmedia":[{"embeddable":true,"href":"https:\/\/cezannehr.com\/es\/wp-json\/wp\/v2\/media\/69316"}],"wp:attachment":[{"href":"https:\/\/cezannehr.com\/es\/wp-json\/wp\/v2\/media?parent=31913"}],"wp:term":[{"taxonomy":"page-status","embeddable":true,"href":"https:\/\/cezannehr.com\/es\/wp-json\/wp\/v2\/page-status?post=31913"}],"curies":[{"name":"wp","href":"https:\/\/api.w.org\/{rel}","templated":true}]}}