{"id":50593,"date":"2019-11-14T14:38:25","date_gmt":"2019-11-14T14:38:25","guid":{"rendered":"https:\/\/cezannehr.com\/?page_id=50593"},"modified":"2025-11-25T10:03:28","modified_gmt":"2025-11-25T10:03:28","slug":"casos-de-exito","status":"publish","type":"page","link":"https:\/\/cezannehr.com\/es\/casos-de-exito\/","title":{"rendered":"Casos de \u00e9xito"},"content":{"rendered":"","protected":false},"excerpt":{"rendered":"","protected":false},"author":45,"featured_media":0,"parent":0,"menu_order":620,"comment_status":"closed","ping_status":"closed","template":"","meta":{"_acf_changed":false,"footnotes":""},"page-status":[],"class_list":["post-50593","page","type-page","status-publish","cz_entry"],"acf":[],"yoast_head":"<!-- This site is optimized with the Yoast SEO Premium plugin v26.3 (Yoast SEO v26.3) - https:\/\/yoast.com\/wordpress\/plugins\/seo\/ -->\n<title>Casos de \u00e9xito en gesti\u00f3n de RR.HH | Cezanne HR<\/title>\n<meta name=\"description\" content=\"Entra ahora en nuestra web y descubre casos de \u00e9xito relacionados con la gesti\u00f3n de recursos humanos en distintas empresas.\" \/>\n<meta name=\"robots\" content=\"index, follow, max-snippet:-1, max-image-preview:large, max-video-preview:-1\" \/>\n<link rel=\"canonical\" href=\"https:\/\/cezannehr.com\/es\/casos-de-exito\/\" \/>\n<meta property=\"og:locale\" content=\"es_ES\" \/>\n<meta property=\"og:type\" content=\"article\" \/>\n<meta property=\"og:title\" content=\"Casos de \u00e9xito\" \/>\n<meta property=\"og:description\" content=\"Entra ahora en nuestra web y descubre casos de \u00e9xito relacionados con la gesti\u00f3n de recursos humanos en distintas empresas.\" \/>\n<meta property=\"og:url\" content=\"https:\/\/cezannehr.com\/es\/casos-de-exito\/\" \/>\n<meta property=\"og:site_name\" content=\"Cezanne HR\" \/>\n<meta property=\"article:publisher\" content=\"https:\/\/www.facebook.com\/CezanneHR\" \/>\n<meta property=\"article:modified_time\" content=\"2025-11-25T10:03:28+00:00\" \/>\n<meta name=\"twitter:card\" content=\"summary_large_image\" \/>\n<meta name=\"twitter:site\" content=\"@CezanneHR\" \/>\n<meta name=\"twitter:label1\" content=\"Tiempo de lectura\" \/>\n\t<meta name=\"twitter:data1\" content=\"3 minutos\" \/>\n<script type=\"application\/ld+json\" class=\"yoast-schema-graph\">{\"@context\":\"https:\/\/schema.org\",\"@graph\":[{\"@type\":\"WebPage\",\"@id\":\"https:\/\/cezannehr.com\/es\/casos-de-exito\/\",\"url\":\"https:\/\/cezannehr.com\/es\/casos-de-exito\/\",\"name\":\"Casos de \u00e9xito en gesti\u00f3n de RR.HH | Cezanne HR\",\"isPartOf\":{\"@id\":\"https:\/\/cezannehr.com\/es\/#website\"},\"datePublished\":\"2019-11-14T14:38:25+00:00\",\"dateModified\":\"2025-11-25T10:03:28+00:00\",\"description\":\"Entra ahora en nuestra web y descubre casos de \u00e9xito relacionados con la gesti\u00f3n de recursos humanos en distintas empresas.\",\"breadcrumb\":{\"@id\":\"https:\/\/cezannehr.com\/es\/casos-de-exito\/#breadcrumb\"},\"inLanguage\":\"es\",\"potentialAction\":[{\"@type\":\"ReadAction\",\"target\":[\"https:\/\/cezannehr.com\/es\/casos-de-exito\/\"]}]},{\"@type\":\"BreadcrumbList\",\"@id\":\"https:\/\/cezannehr.com\/es\/casos-de-exito\/#breadcrumb\",\"itemListElement\":[{\"@type\":\"ListItem\",\"position\":1,\"name\":\"Software HR\",\"item\":\"https:\/\/cezannehr.com\/es\/\"},{\"@type\":\"ListItem\",\"position\":2,\"name\":\"Casos de \u00e9xito\"}]},{\"@type\":\"WebSite\",\"@id\":\"https:\/\/cezannehr.com\/es\/#website\",\"url\":\"https:\/\/cezannehr.com\/es\/\",\"name\":\"Cezanne HR\",\"description\":\"Gesti\u00f3n de empleados - Gesti\u00f3n de vacaciones\",\"publisher\":{\"@id\":\"https:\/\/cezannehr.com\/es\/#organization\"},\"potentialAction\":[{\"@type\":\"SearchAction\",\"target\":{\"@type\":\"EntryPoint\",\"urlTemplate\":\"https:\/\/cezannehr.com\/es\/?s={search_term_string}\"},\"query-input\":{\"@type\":\"PropertyValueSpecification\",\"valueRequired\":true,\"valueName\":\"search_term_string\"}}],\"inLanguage\":\"es\"},{\"@type\":\"Organization\",\"@id\":\"https:\/\/cezannehr.com\/es\/#organization\",\"name\":\"Cezanne HR\",\"url\":\"https:\/\/cezannehr.com\/es\/\",\"logo\":{\"@type\":\"ImageObject\",\"inLanguage\":\"es\",\"@id\":\"https:\/\/cezannehr.com\/es\/#\/schema\/logo\/image\/\",\"url\":\"https:\/\/cezannehr.com\/wp-content\/uploads\/2026\/01\/Cezanne_logo_2026_colour.svg\",\"contentUrl\":\"https:\/\/cezannehr.com\/wp-content\/uploads\/2026\/01\/Cezanne_logo_2026_colour.svg\",\"width\":1,\"height\":1,\"caption\":\"Cezanne HR\"},\"image\":{\"@id\":\"https:\/\/cezannehr.com\/es\/#\/schema\/logo\/image\/\"},\"sameAs\":[\"https:\/\/www.facebook.com\/CezanneHR\",\"https:\/\/x.com\/CezanneHR\",\"https:\/\/www.linkedin.com\/company\/cezanne-hr\",\"https:\/\/uk.pinterest.com\/CezanneHR\/\",\"https:\/\/www.youtube.com\/user\/CezanneHR\"],\"legalName\":\"Cezanne HR Limited\",\"contactPoint\":[{\"@type\":\"ContactPoint\",\"telephone\":\"+44-2072022727\",\"contactType\":\"customer service\"},{\"@type\":\"ContactPoint\",\"url\":\"https:\/\/support.cezannehr.com\",\"email\":\"support@cezannehr.com\",\"contactType\":\"customer support\"}]}]}<\/script>\n<!-- \/ Yoast SEO Premium plugin. -->","yoast_head_json":{"title":"Casos de \u00e9xito en gesti\u00f3n de RR.HH | Cezanne HR","description":"Entra ahora en nuestra web y descubre casos de \u00e9xito relacionados con la gesti\u00f3n de recursos humanos en distintas empresas.","robots":{"index":"index","follow":"follow","max-snippet":"max-snippet:-1","max-image-preview":"max-image-preview:large","max-video-preview":"max-video-preview:-1"},"canonical":"https:\/\/cezannehr.com\/es\/casos-de-exito\/","og_locale":"es_ES","og_type":"article","og_title":"Casos de \u00e9xito","og_description":"Entra ahora en nuestra web y descubre casos de \u00e9xito relacionados con la gesti\u00f3n de recursos humanos en distintas empresas.","og_url":"https:\/\/cezannehr.com\/es\/casos-de-exito\/","og_site_name":"Cezanne HR","article_publisher":"https:\/\/www.facebook.com\/CezanneHR","article_modified_time":"2025-11-25T10:03:28+00:00","twitter_card":"summary_large_image","twitter_site":"@CezanneHR","twitter_misc":{"Tiempo de lectura":"3 minutos"},"schema":{"@context":"https:\/\/schema.org","@graph":[{"@type":"WebPage","@id":"https:\/\/cezannehr.com\/es\/casos-de-exito\/","url":"https:\/\/cezannehr.com\/es\/casos-de-exito\/","name":"Casos de \u00e9xito en gesti\u00f3n de RR.HH | Cezanne HR","isPartOf":{"@id":"https:\/\/cezannehr.com\/es\/#website"},"datePublished":"2019-11-14T14:38:25+00:00","dateModified":"2025-11-25T10:03:28+00:00","description":"Entra ahora en nuestra web y descubre casos de \u00e9xito relacionados con la gesti\u00f3n de recursos humanos en distintas empresas.","breadcrumb":{"@id":"https:\/\/cezannehr.com\/es\/casos-de-exito\/#breadcrumb"},"inLanguage":"es","potentialAction":[{"@type":"ReadAction","target":["https:\/\/cezannehr.com\/es\/casos-de-exito\/"]}]},{"@type":"BreadcrumbList","@id":"https:\/\/cezannehr.com\/es\/casos-de-exito\/#breadcrumb","itemListElement":[{"@type":"ListItem","position":1,"name":"Software HR","item":"https:\/\/cezannehr.com\/es\/"},{"@type":"ListItem","position":2,"name":"Casos de \u00e9xito"}]},{"@type":"WebSite","@id":"https:\/\/cezannehr.com\/es\/#website","url":"https:\/\/cezannehr.com\/es\/","name":"Cezanne HR","description":"Gesti\u00f3n de empleados - Gesti\u00f3n de vacaciones","publisher":{"@id":"https:\/\/cezannehr.com\/es\/#organization"},"potentialAction":[{"@type":"SearchAction","target":{"@type":"EntryPoint","urlTemplate":"https:\/\/cezannehr.com\/es\/?s={search_term_string}"},"query-input":{"@type":"PropertyValueSpecification","valueRequired":true,"valueName":"search_term_string"}}],"inLanguage":"es"},{"@type":"Organization","@id":"https:\/\/cezannehr.com\/es\/#organization","name":"Cezanne HR","url":"https:\/\/cezannehr.com\/es\/","logo":{"@type":"ImageObject","inLanguage":"es","@id":"https:\/\/cezannehr.com\/es\/#\/schema\/logo\/image\/","url":"https:\/\/cezannehr.com\/wp-content\/uploads\/2026\/01\/Cezanne_logo_2026_colour.svg","contentUrl":"https:\/\/cezannehr.com\/wp-content\/uploads\/2026\/01\/Cezanne_logo_2026_colour.svg","width":1,"height":1,"caption":"Cezanne HR"},"image":{"@id":"https:\/\/cezannehr.com\/es\/#\/schema\/logo\/image\/"},"sameAs":["https:\/\/www.facebook.com\/CezanneHR","https:\/\/x.com\/CezanneHR","https:\/\/www.linkedin.com\/company\/cezanne-hr","https:\/\/uk.pinterest.com\/CezanneHR\/","https:\/\/www.youtube.com\/user\/CezanneHR"],"legalName":"Cezanne HR Limited","contactPoint":[{"@type":"ContactPoint","telephone":"+44-2072022727","contactType":"customer service"},{"@type":"ContactPoint","url":"https:\/\/support.cezannehr.com","email":"support@cezannehr.com","contactType":"customer support"}]}]}},"jetpack_sharing_enabled":true,"_links":{"self":[{"href":"https:\/\/cezannehr.com\/es\/wp-json\/wp\/v2\/pages\/50593","targetHints":{"allow":["GET"]}}],"collection":[{"href":"https:\/\/cezannehr.com\/es\/wp-json\/wp\/v2\/pages"}],"about":[{"href":"https:\/\/cezannehr.com\/es\/wp-json\/wp\/v2\/types\/page"}],"author":[{"embeddable":true,"href":"https:\/\/cezannehr.com\/es\/wp-json\/wp\/v2\/users\/45"}],"replies":[{"embeddable":true,"href":"https:\/\/cezannehr.com\/es\/wp-json\/wp\/v2\/comments?post=50593"}],"version-history":[{"count":0,"href":"https:\/\/cezannehr.com\/es\/wp-json\/wp\/v2\/pages\/50593\/revisions"}],"wp:attachment":[{"href":"https:\/\/cezannehr.com\/es\/wp-json\/wp\/v2\/media?parent=50593"}],"wp:term":[{"taxonomy":"page-status","embeddable":true,"href":"https:\/\/cezannehr.com\/es\/wp-json\/wp\/v2\/page-status?post=50593"}],"curies":[{"name":"wp","href":"https:\/\/api.w.org\/{rel}","templated":true}]}}