{"id":84427,"date":"2024-12-03T16:37:12","date_gmt":"2024-12-03T16:37:12","guid":{"rendered":"https:\/\/cezannehr.com\/?page_id=84427"},"modified":"2024-12-03T17:01:29","modified_gmt":"2024-12-03T17:01:29","slug":"gracias","status":"publish","type":"page","link":"https:\/\/cezannehr.com\/es\/newsletter\/gracias\/","title":{"rendered":"Gracias"},"content":{"rendered":"<p><p class=\"sc-padding\" style=\"line-height: 0.3em\">&nbsp;<\/p><br \/>\n<div class=\"sc-centered\"><\/p>\n<h2>\u00a1Gracias! Ahora est\u00e1s suscrito a nuestra newsletter.<\/h2>\n<p>\n<\/div><\/p>\n<h3>\u00bfQu\u00e9 ocurre ahora?<\/h3>\n<p>Recibir\u00e1s nuestras noticias directamente en tu correo electr\u00f3nico.<\/p>\n<h3>Mientras tanto, puedes descargar una de nuestras gu\u00edas de RR. HH.<\/h3>\n<p><a href=\"https:\/\/cezannehr.com\/es\/guias-hr\/\">Lee aqu\u00ed. &gt;&gt;<\/a><\/p>\n<h3>Respetamos tu privacidad.<\/h3>\n<p>No venderemos ni compartiremos tus datos de contacto con nadie que no est\u00e9 relacionado con Cezanne HR. Podr\u00edamos compartir tu informaci\u00f3n de contacto con un socio si fuera m\u00e1s adecuado para responder a algunas de tus preguntas espec\u00edficas. Puedes darte de baja de nuestra newsletter en cualquier momento.<\/p>\n<p>Lee aqu\u00ed nuestra <a href=\"https:\/\/cezannehr.com\/es\/legal\/privacy\/\">privacy policy<\/a>.<\/p>\n","protected":false},"excerpt":{"rendered":"<p>\u00bfQu\u00e9 ocurre ahora? Recibir\u00e1s nuestras noticias directamente en tu correo electr\u00f3nico. Mientras tanto, puedes descargar una de nuestras gu\u00edas de RR. HH. Lee aqu\u00ed. &gt;&gt; Respetamos tu privacidad. No venderemos ni compartiremos tus datos de contacto con nadie que no [&hellip;]<\/p>\n","protected":false},"author":50,"featured_media":0,"parent":16250,"menu_order":0,"comment_status":"closed","ping_status":"closed","template":"","meta":{"_acf_changed":false,"footnotes":""},"page-status":[],"class_list":["post-84427","page","type-page","status-publish","cz_entry"],"acf":[],"yoast_head":"<!-- This site is optimized with the Yoast SEO Premium plugin v26.3 (Yoast SEO v26.3) - https:\/\/yoast.com\/wordpress\/plugins\/seo\/ -->\n<title>Gracias - Cezanne HR<\/title>\n<meta name=\"robots\" content=\"index, follow, max-snippet:-1, max-image-preview:large, max-video-preview:-1\" \/>\n<link rel=\"canonical\" href=\"https:\/\/cezannehr.com\/es\/newsletter\/gracias\/\" \/>\n<meta property=\"og:locale\" content=\"es_ES\" \/>\n<meta property=\"og:type\" content=\"article\" \/>\n<meta property=\"og:title\" content=\"Gracias\" \/>\n<meta property=\"og:description\" content=\"\u00bfQu\u00e9 ocurre ahora? Recibir\u00e1s nuestras noticias directamente en tu correo electr\u00f3nico. Mientras tanto, puedes descargar una de nuestras gu\u00edas de RR. HH. Lee aqu\u00ed. &gt;&gt; Respetamos tu privacidad. No venderemos ni compartiremos tus datos de contacto con nadie que no [&hellip;]\" \/>\n<meta property=\"og:url\" content=\"https:\/\/cezannehr.com\/es\/newsletter\/gracias\/\" \/>\n<meta property=\"og:site_name\" content=\"Cezanne HR\" \/>\n<meta property=\"article:publisher\" content=\"https:\/\/www.facebook.com\/CezanneHR\" \/>\n<meta property=\"article:modified_time\" content=\"2024-12-03T17:01:29+00:00\" \/>\n<meta name=\"twitter:card\" content=\"summary_large_image\" \/>\n<meta name=\"twitter:site\" content=\"@CezanneHR\" \/>\n<meta name=\"twitter:label1\" content=\"Tiempo de lectura\" \/>\n\t<meta name=\"twitter:data1\" content=\"1 minuto\" \/>\n<script type=\"application\/ld+json\" class=\"yoast-schema-graph\">{\"@context\":\"https:\/\/schema.org\",\"@graph\":[{\"@type\":\"WebPage\",\"@id\":\"https:\/\/cezannehr.com\/es\/newsletter\/gracias\/\",\"url\":\"https:\/\/cezannehr.com\/es\/newsletter\/gracias\/\",\"name\":\"Gracias - Cezanne HR\",\"isPartOf\":{\"@id\":\"https:\/\/cezannehr.com\/es\/#website\"},\"datePublished\":\"2024-12-03T16:37:12+00:00\",\"dateModified\":\"2024-12-03T17:01:29+00:00\",\"breadcrumb\":{\"@id\":\"https:\/\/cezannehr.com\/es\/newsletter\/gracias\/#breadcrumb\"},\"inLanguage\":\"es\",\"potentialAction\":[{\"@type\":\"ReadAction\",\"target\":[\"https:\/\/cezannehr.com\/es\/newsletter\/gracias\/\"]}]},{\"@type\":\"BreadcrumbList\",\"@id\":\"https:\/\/cezannehr.com\/es\/newsletter\/gracias\/#breadcrumb\",\"itemListElement\":[{\"@type\":\"ListItem\",\"position\":1,\"name\":\"Software HR\",\"item\":\"https:\/\/cezannehr.com\/es\/\"},{\"@type\":\"ListItem\",\"position\":2,\"name\":\"Newsletter\",\"item\":\"https:\/\/cezannehr.com\/es\/newsletter\/\"},{\"@type\":\"ListItem\",\"position\":3,\"name\":\"Gracias\"}]},{\"@type\":\"WebSite\",\"@id\":\"https:\/\/cezannehr.com\/es\/#website\",\"url\":\"https:\/\/cezannehr.com\/es\/\",\"name\":\"Cezanne HR\",\"description\":\"Gesti\u00f3n de empleados - Gesti\u00f3n de vacaciones\",\"publisher\":{\"@id\":\"https:\/\/cezannehr.com\/es\/#organization\"},\"potentialAction\":[{\"@type\":\"SearchAction\",\"target\":{\"@type\":\"EntryPoint\",\"urlTemplate\":\"https:\/\/cezannehr.com\/es\/?s={search_term_string}\"},\"query-input\":{\"@type\":\"PropertyValueSpecification\",\"valueRequired\":true,\"valueName\":\"search_term_string\"}}],\"inLanguage\":\"es\"},{\"@type\":\"Organization\",\"@id\":\"https:\/\/cezannehr.com\/es\/#organization\",\"name\":\"Cezanne HR\",\"url\":\"https:\/\/cezannehr.com\/es\/\",\"logo\":{\"@type\":\"ImageObject\",\"inLanguage\":\"es\",\"@id\":\"https:\/\/cezannehr.com\/es\/#\/schema\/logo\/image\/\",\"url\":\"https:\/\/cezannehr.com\/wp-content\/uploads\/2026\/01\/Cezanne_logo_2026_colour.svg\",\"contentUrl\":\"https:\/\/cezannehr.com\/wp-content\/uploads\/2026\/01\/Cezanne_logo_2026_colour.svg\",\"width\":1,\"height\":1,\"caption\":\"Cezanne HR\"},\"image\":{\"@id\":\"https:\/\/cezannehr.com\/es\/#\/schema\/logo\/image\/\"},\"sameAs\":[\"https:\/\/www.facebook.com\/CezanneHR\",\"https:\/\/x.com\/CezanneHR\",\"https:\/\/www.linkedin.com\/company\/cezanne-hr\",\"https:\/\/uk.pinterest.com\/CezanneHR\/\",\"https:\/\/www.youtube.com\/user\/CezanneHR\"],\"legalName\":\"Cezanne HR Limited\",\"contactPoint\":[{\"@type\":\"ContactPoint\",\"telephone\":\"+44-2072022727\",\"contactType\":\"customer service\"},{\"@type\":\"ContactPoint\",\"url\":\"https:\/\/support.cezannehr.com\",\"email\":\"support@cezannehr.com\",\"contactType\":\"customer support\"}]}]}<\/script>\n<!-- \/ Yoast SEO Premium plugin. -->","yoast_head_json":{"title":"Gracias - Cezanne HR","robots":{"index":"index","follow":"follow","max-snippet":"max-snippet:-1","max-image-preview":"max-image-preview:large","max-video-preview":"max-video-preview:-1"},"canonical":"https:\/\/cezannehr.com\/es\/newsletter\/gracias\/","og_locale":"es_ES","og_type":"article","og_title":"Gracias","og_description":"\u00bfQu\u00e9 ocurre ahora? Recibir\u00e1s nuestras noticias directamente en tu correo electr\u00f3nico. Mientras tanto, puedes descargar una de nuestras gu\u00edas de RR. HH. Lee aqu\u00ed. &gt;&gt; Respetamos tu privacidad. No venderemos ni compartiremos tus datos de contacto con nadie que no [&hellip;]","og_url":"https:\/\/cezannehr.com\/es\/newsletter\/gracias\/","og_site_name":"Cezanne HR","article_publisher":"https:\/\/www.facebook.com\/CezanneHR","article_modified_time":"2024-12-03T17:01:29+00:00","twitter_card":"summary_large_image","twitter_site":"@CezanneHR","twitter_misc":{"Tiempo de lectura":"1 minuto"},"schema":{"@context":"https:\/\/schema.org","@graph":[{"@type":"WebPage","@id":"https:\/\/cezannehr.com\/es\/newsletter\/gracias\/","url":"https:\/\/cezannehr.com\/es\/newsletter\/gracias\/","name":"Gracias - Cezanne HR","isPartOf":{"@id":"https:\/\/cezannehr.com\/es\/#website"},"datePublished":"2024-12-03T16:37:12+00:00","dateModified":"2024-12-03T17:01:29+00:00","breadcrumb":{"@id":"https:\/\/cezannehr.com\/es\/newsletter\/gracias\/#breadcrumb"},"inLanguage":"es","potentialAction":[{"@type":"ReadAction","target":["https:\/\/cezannehr.com\/es\/newsletter\/gracias\/"]}]},{"@type":"BreadcrumbList","@id":"https:\/\/cezannehr.com\/es\/newsletter\/gracias\/#breadcrumb","itemListElement":[{"@type":"ListItem","position":1,"name":"Software HR","item":"https:\/\/cezannehr.com\/es\/"},{"@type":"ListItem","position":2,"name":"Newsletter","item":"https:\/\/cezannehr.com\/es\/newsletter\/"},{"@type":"ListItem","position":3,"name":"Gracias"}]},{"@type":"WebSite","@id":"https:\/\/cezannehr.com\/es\/#website","url":"https:\/\/cezannehr.com\/es\/","name":"Cezanne HR","description":"Gesti\u00f3n de empleados - Gesti\u00f3n de vacaciones","publisher":{"@id":"https:\/\/cezannehr.com\/es\/#organization"},"potentialAction":[{"@type":"SearchAction","target":{"@type":"EntryPoint","urlTemplate":"https:\/\/cezannehr.com\/es\/?s={search_term_string}"},"query-input":{"@type":"PropertyValueSpecification","valueRequired":true,"valueName":"search_term_string"}}],"inLanguage":"es"},{"@type":"Organization","@id":"https:\/\/cezannehr.com\/es\/#organization","name":"Cezanne HR","url":"https:\/\/cezannehr.com\/es\/","logo":{"@type":"ImageObject","inLanguage":"es","@id":"https:\/\/cezannehr.com\/es\/#\/schema\/logo\/image\/","url":"https:\/\/cezannehr.com\/wp-content\/uploads\/2026\/01\/Cezanne_logo_2026_colour.svg","contentUrl":"https:\/\/cezannehr.com\/wp-content\/uploads\/2026\/01\/Cezanne_logo_2026_colour.svg","width":1,"height":1,"caption":"Cezanne HR"},"image":{"@id":"https:\/\/cezannehr.com\/es\/#\/schema\/logo\/image\/"},"sameAs":["https:\/\/www.facebook.com\/CezanneHR","https:\/\/x.com\/CezanneHR","https:\/\/www.linkedin.com\/company\/cezanne-hr","https:\/\/uk.pinterest.com\/CezanneHR\/","https:\/\/www.youtube.com\/user\/CezanneHR"],"legalName":"Cezanne HR Limited","contactPoint":[{"@type":"ContactPoint","telephone":"+44-2072022727","contactType":"customer service"},{"@type":"ContactPoint","url":"https:\/\/support.cezannehr.com","email":"support@cezannehr.com","contactType":"customer support"}]}]}},"jetpack_sharing_enabled":true,"_links":{"self":[{"href":"https:\/\/cezannehr.com\/es\/wp-json\/wp\/v2\/pages\/84427","targetHints":{"allow":["GET"]}}],"collection":[{"href":"https:\/\/cezannehr.com\/es\/wp-json\/wp\/v2\/pages"}],"about":[{"href":"https:\/\/cezannehr.com\/es\/wp-json\/wp\/v2\/types\/page"}],"author":[{"embeddable":true,"href":"https:\/\/cezannehr.com\/es\/wp-json\/wp\/v2\/users\/50"}],"replies":[{"embeddable":true,"href":"https:\/\/cezannehr.com\/es\/wp-json\/wp\/v2\/comments?post=84427"}],"version-history":[{"count":0,"href":"https:\/\/cezannehr.com\/es\/wp-json\/wp\/v2\/pages\/84427\/revisions"}],"up":[{"embeddable":true,"href":"https:\/\/cezannehr.com\/es\/wp-json\/wp\/v2\/pages\/16250"}],"wp:attachment":[{"href":"https:\/\/cezannehr.com\/es\/wp-json\/wp\/v2\/media?parent=84427"}],"wp:term":[{"taxonomy":"page-status","embeddable":true,"href":"https:\/\/cezannehr.com\/es\/wp-json\/wp\/v2\/page-status?post=84427"}],"curies":[{"name":"wp","href":"https:\/\/api.w.org\/{rel}","templated":true}]}}